{"id":12361,"date":"2025-12-07T07:00:12","date_gmt":"2025-12-07T07:00:12","guid":{"rendered":"https:\/\/www.archeryshopaltana.it\/?page_id=12361"},"modified":"2025-12-07T15:39:14","modified_gmt":"2025-12-07T15:39:14","slug":"wer-sind-wir-2","status":"publish","type":"page","link":"https:\/\/www.archeryshopaltana.it\/de\/wer-sind-wir-2\/","title":{"rendered":"\u00dcber uns"},"content":{"rendered":"<div class=\"wpb-content-wrapper\"><p>[vc_row][vc_column width=&#8220;1\/1&#8243;][vc_column_text uncode_shortcode_id=&#8220;157083&#8243;]<\/p>\n<div id=\"pl-12360\" class=\"panel-layout\">\n<div id=\"pg-12360-0\" class=\"panel-grid panel-no-style\">\n<div id=\"pgc-12360-0-0\" class=\"panel-grid-cell\" data-weight=\"0.29559996343064\">\n<div id=\"panel-12360-0-0-0\" class=\"so-panel widget panel-first-child panel-last-child\" data-index=\"0\">Das Bogensportzentrum wurde gegr\u00fcndet, um allen Bogensch\u00fctzen die M\u00f6glichkeit zu geben, den Bogensport frei auszu\u00fcben, ohne sich f\u00fcr das eine oder andere Camp anmelden zu m\u00fcssen<br \/>\n. Die Parcours sind das ganze Jahr \u00fcber und jeden Tag ge\u00f6ffnet, aber wir bitten Sie, Ihre Ankunft anzumelden, um sicherzustellen, dass es keine Behinderungen gibt, wie z.B. durch Wettbewerbe oder Veranstaltungen.<\/div>\n<div data-index=\"0\"><\/div>\n<\/div>\n<div id=\"pgc-12360-0-1\" class=\"panel-grid-cell\" data-weight=\"0.70440003656936\"><\/div>\n<\/div>\n<div id=\"pg-12360-1\" class=\"panel-grid panel-no-style\">\n<div id=\"pgc-12360-1-1\" class=\"panel-grid-cell\" data-weight=\"0.49759730181471\">\n<div id=\"panel-12360-1-1-0\" class=\"so-panel widget widget_text panel-first-child panel-last-child\" data-index=\"2\">\n<h3 class=\"widget-title\">Fahrplan<\/h3>\n<div class=\"textwidget\">\n<p>Nach Vereinbarung rufen Sie Marco unter 3356124797 an (auch per Whatsapp, wenn Sie Nachrichten senden m\u00f6chten)<br \/>\nvon 09:00 bis 12:30<br \/>\nund von 14:30 bis 18:00<br \/>\njeden Tag<\/p>\n<\/div>\n<p>&nbsp;<\/p>\n<\/div>\n<\/div>\n<\/div>\n<\/div>\n<p>[\/vc_column_text][\/vc_column][\/vc_row]<\/p>\n<\/div>","protected":false},"excerpt":{"rendered":"<p>[vc_row][vc_column width=&#8220;1\/1&#8243;][vc_column_text uncode_shortcode_id=&#8220;157083&#8243;] Das Bogensportzentrum wurde gegr\u00fcndet, um allen Bogensch\u00fctzen die M\u00f6glichkeit zu geben, den Bogensport frei auszu\u00fcben, ohne sich [&hellip;]<\/p>\n","protected":false},"author":2,"featured_media":0,"parent":0,"menu_order":0,"comment_status":"closed","ping_status":"closed","template":"","meta":{"_monsterinsights_skip_tracking":false,"_monsterinsights_sitenote_active":false,"_monsterinsights_sitenote_note":"","_monsterinsights_sitenote_category":0,"footnotes":""},"class_list":["post-12361","page","type-page","status-publish","hentry"],"_links":{"self":[{"href":"https:\/\/www.archeryshopaltana.it\/de\/wp-json\/wp\/v2\/pages\/12361","targetHints":{"allow":["GET"]}}],"collection":[{"href":"https:\/\/www.archeryshopaltana.it\/de\/wp-json\/wp\/v2\/pages"}],"about":[{"href":"https:\/\/www.archeryshopaltana.it\/de\/wp-json\/wp\/v2\/types\/page"}],"author":[{"embeddable":true,"href":"https:\/\/www.archeryshopaltana.it\/de\/wp-json\/wp\/v2\/users\/2"}],"replies":[{"embeddable":true,"href":"https:\/\/www.archeryshopaltana.it\/de\/wp-json\/wp\/v2\/comments?post=12361"}],"version-history":[{"count":28,"href":"https:\/\/www.archeryshopaltana.it\/de\/wp-json\/wp\/v2\/pages\/12361\/revisions"}],"predecessor-version":[{"id":157337,"href":"https:\/\/www.archeryshopaltana.it\/de\/wp-json\/wp\/v2\/pages\/12361\/revisions\/157337"}],"wp:attachment":[{"href":"https:\/\/www.archeryshopaltana.it\/de\/wp-json\/wp\/v2\/media?parent=12361"}],"curies":[{"name":"wp","href":"https:\/\/api.w.org\/{rel}","templated":true}]}}