{"id":156431,"date":"2025-10-31T07:00:56","date_gmt":"2025-10-31T07:00:56","guid":{"rendered":"https:\/\/www.archeryshopaltana.it\/archery-shop\/"},"modified":"2025-12-07T11:38:41","modified_gmt":"2025-12-07T11:38:41","slug":"archery-shop","status":"publish","type":"page","link":"https:\/\/www.archeryshopaltana.it\/de\/archery-shop\/","title":{"rendered":"Bogenschie\u00dfen Shop"},"content":{"rendered":"<div class=\"wpb-content-wrapper\"><p>[vc_row row_height_percent=&#8220;50&#8243; override_padding=&#8220;yes&#8220; h_padding=&#8220;2&#8243; top_padding=&#8220;5&#8243; bottom_padding=&#8220;5&#8243; back_color=&#8220;accent&#8220; back_image=&#8220;156082&#8243; multiple_media=&#8220;yes&#8220; back_repeat=&#8220;no-repeat&#8220; back_position=&#8220;center center&#8220; kburns=&#8220;magnetic&#8220; overlay_color=&#8220;accent&#8220; overlay_alpha=&#8220;84&#8243; gutter_size=&#8220;4&#8243; column_width_percent=&#8220;100&#8243; shift_y=&#8220;0&#8243; z_index=&#8220;0&#8243; css_animation=&#8220;scroll-trigger&#8220; animate_el=&#8220;bg&#8220; animation_state=&#8220;end&#8220; animation_scale_val=&#8220;100&#8243; animation_opacity=&#8220;35&#8243; animation_x=&#8220;0&#8243; animation_y=&#8220;0&#8243; animation_blur=&#8220;0&#8243; animation_rotate=&#8220;0&#8243; animation_perspective=&#8220;0&#8243; animation_offset_top=&#8220;0&#8243; animation_offset_bottom=&#8220;100&#8243; content_parallax=&#8220;0&#8243; uncode_shortcode_id=&#8220;175575&#8243; back_color_type=&#8220;uncode-palette&#8220; overlay_color_type=&#8220;uncode-palette&#8220;][vc_column column_width_percent=&#8220;100&#8243; position_vertical=&#8220;middle&#8220; gutter_size=&#8220;2&#8243; style=&#8220;dark&#8220; font_family=&#8220;font-955596&#8243; overlay_alpha=&#8220;50&#8243; shift_x=&#8220;0&#8243; shift_y=&#8220;0&#8243; shift_y_down=&#8220;0&#8243; z_index=&#8220;0&#8243; medium_width=&#8220;0&#8243; mobile_width=&#8220;0&#8243; css_animation=&#8220;alpha-anim&#8220; animation_speed=&#8220;1400&#8243; width=&#8220;1\/1&#8243; mobile_height=&#8220;340&#8243; uncode_shortcode_id=&#8220;786257&#8243;][vc_row_inner row_inner_height_percent=&#8220;0&#8243; overlay_alpha=&#8220;50&#8243; gutter_size=&#8220;4&#8243; shift_y=&#8220;0&#8243; z_index=&#8220;0&#8243; limit_content=&#8220;&#8220; uncode_shortcode_id=&#8220;512458&#8243;][vc_column_inner column_width_percent=&#8220;100&#8243; gutter_size=&#8220;2&#8243; style=&#8220;dark&#8220; overlay_alpha=&#8220;50&#8243; shift_x=&#8220;0&#8243; shift_y=&#8220;0&#8243; shift_y_down=&#8220;0&#8243; z_index=&#8220;0&#8243; medium_width=&#8220;6&#8243; align_mobile=&#8220;align_center_mobile&#8220; mobile_width=&#8220;0&#8243; width=&#8220;2\/3&#8243; uncode_shortcode_id=&#8220;133612&#8243;][vc_custom_heading text_size=&#8220;custom&#8220; text_weight=&#8220;800&#8243; css_animation=&#8220;curtain-words&#8220; animation_speed=&#8220;1200&#8243; uncode_shortcode_id=&#8220;412958&#8243; heading_custom_size=&#8220;clamp(42px,8vw,80px)&#8220;]M\u00f6chten Sie sich selbst ein ganzj\u00e4hriges Geschenk machen oder schenken?<br \/>\nAbonnieren Sie das Bogenschie\u00dfzentrum[\/vc_custom_heading][vc_empty_space empty_h=&#8220;3&#8243;][uncode_index el_id=&#8220;index-938365&#8243; index_type=&#8220;titles&#8220; loop=&#8220;size:12|order_by:date|post_type:product|taxonomy_query:product_cat|taxonomy_order:name|taxonomy_sort:ASC|taxonomy_count:100&#8243; titles_display=&#8220;inline&#8220; gutter_size=&#8220;2&#8243; drop_image_position=&#8220;hide&#8220; drop_image_time=&#8220;100&#8243; drop_image_hover=&#8220;opacity-inverted&#8220; single_style=&#8220;dark&#8220; single_title_dimension=&#8220;h3&#8243; single_title_weight=&#8220;500&#8243; single_css_animation=&#8220;alpha-anim&#8220; single_animation_speed=&#8220;800&#8243; textual_display=&#8220;inline&#8220; drop_title_hover=&#8220;outlined-inverted&#8220; drop_image_index=&#8220;yes&#8220; uncode_shortcode_id=&#8220;160055&#8243;][vc_empty_space empty_h=&#8220;4&#8243;][\/vc_column_inner][vc_column_inner column_width_percent=&#8220;100&#8243; gutter_size=&#8220;3&#8243; overlay_alpha=&#8220;50&#8243; shift_x=&#8220;0&#8243; shift_y=&#8220;0&#8243; shift_y_down=&#8220;0&#8243; z_index=&#8220;0&#8243; medium_width=&#8220;2&#8243; mobile_visibility=&#8220;yes&#8220; mobile_width=&#8220;0&#8243; width=&#8220;1\/3&#8243; uncode_shortcode_id=&#8220;200647&#8243;][\/vc_column_inner][\/vc_row_inner][\/vc_column][\/vc_row][vc_row unlock_row=&#8220;&#8220; row_height_percent=&#8220;0&#8243; override_padding=&#8220;yes&#8220; h_padding=&#8220;2&#8243; top_padding=&#8220;7&#8243; bottom_padding=&#8220;4&#8243; overlay_alpha=&#8220;50&#8243; gutter_size=&#8220;3&#8243; column_width_percent=&#8220;100&#8243; border_color=&#8220;color-gyho&#8220; border_style=&#8220;solid&#8220; shift_y=&#8220;0&#8243; z_index=&#8220;0&#8243; content_parallax=&#8220;0&#8243; uncode_shortcode_id=&#8220;131589&#8243; border_color_type=&#8220;uncode-palette&#8220; css=&#8220;.vc_custom_1744983566631{border-top-width: 1px !important;}&#8220;][vc_column column_width_percent=&#8220;100&#8243; align_horizontal=&#8220;align_center&#8220; gutter_size=&#8220;4&#8243; overlay_alpha=&#8220;50&#8243; shift_x=&#8220;0&#8243; shift_y=&#8220;0&#8243; shift_y_down=&#8220;0&#8243; z_index=&#8220;0&#8243; medium_width=&#8220;0&#8243; mobile_width=&#8220;0&#8243; css_animation=&#8220;alpha-anim&#8220; animation_speed=&#8220;1000&#8243; animation_delay=&#8220;200&#8243; width=&#8220;1\/1&#8243; uncode_shortcode_id=&#8220;465649&#8243;][vc_custom_heading text_size=&#8220;custom&#8220; text_weight=&#8220;700&#8243; uncode_shortcode_id=&#8220;213053&#8243; heading_custom_size=&#8220;clamp(30px, 4vw, 50px)&#8220;]H\u00f6hepunkte[\/vc_custom_heading][uncode_index el_id=&#8220;index-12345&#8243; index_type=&#8220;titles&#8220; loop=&#8220;size:4|order_by:date|order:DESC|post_type:product,product|taxonomy_count:10&#8243; gutter_size=&#8220;2&#8243; drop_image_time=&#8220;250&#8243; drop_radius=&#8220;&#8220; single_title_semantic=&#8220;h4&#8243; single_title_dimension=&#8220;h5&#8243; single_title_weight=&#8220;400&#8243; custom_order=&#8220;yes&#8220; uncode_shortcode_id=&#8220;365948&#8243; order_ids=&#8220;111986,111680,111773,111886,112064,111956,111696&#8243;][uncode_carousel_nav padding=&#8220;2&#8243; limit_width=&#8220;yes&#8220; h_align=&#8220;center&#8220; hide_arrows=&#8220;yes&#8220; hide_counter=&#8220;yes&#8220; uncode_shortcode_id=&#8220;170066&#8243; dot_single_width=&#8220;6&#8243; dot_single_active=&#8220;9&#8243; dot_single_space=&#8220;6&#8243; dot_single_radius=&#8220;6&#8243;][\/vc_column][\/vc_row][vc_row unlock_row_content=&#8220;yes&#8220; row_height_percent=&#8220;0&#8243; override_padding=&#8220;yes&#8220; h_padding=&#8220;5&#8243; top_padding=&#8220;3&#8243; bottom_padding=&#8220;3&#8243; overlay_alpha=&#8220;50&#8243; gutter_size=&#8220;3&#8243; column_width_percent=&#8220;100&#8243; shift_y=&#8220;0&#8243; z_index=&#8220;0&#8243; uncode_shortcode_id=&#8220;213810&#8243;][vc_column column_width_percent=&#8220;100&#8243; gutter_size=&#8220;3&#8243; overlay_alpha=&#8220;50&#8243; shift_x=&#8220;0&#8243; shift_y=&#8220;0&#8243; shift_y_down=&#8220;0&#8243; z_index=&#8220;0&#8243; medium_width=&#8220;0&#8243; mobile_width=&#8220;0&#8243; width=&#8220;1\/1&#8243; uncode_shortcode_id=&#8220;171616&#8243;][uncode_index el_id=&#8220;index-145375-5&#8243; loop=&#8220;size:500|order_by:rand|post_type:product|taxonomy_count:10&#8243; screen_lg=&#8220;1000&#8243; screen_md=&#8220;600&#8243; screen_sm=&#8220;480&#8243; gutter_size=&#8220;2&#8243; product_items=&#8220;text|excerpt|70,spacer|one,icon|sm,media|featured|onpost|original|hide-sale|inherit-atc|inherit-w-atc|atc-typo-default|hide-atc,title|-,sep-one|full&#8220; single_back_color=&#8220;color-xsdn&#8220; single_overlay_opacity=&#8220;50&#8243; single_overlay_anim=&#8220;no&#8220; single_padding=&#8220;2&#8243; single_title_dimension=&#8220;h5&#8243; single_title_weight=&#8220;500&#8243; no_double_tap=&#8220;yes&#8220; pagination_per_page=&#8220;0&#8243; uncode_shortcode_id=&#8220;733347&#8243;][\/vc_column][\/vc_row][vc_row unlock_row_content=&#8220;yes&#8220; row_height_percent=&#8220;50&#8243; override_padding=&#8220;yes&#8220; h_padding=&#8220;0&#8243; top_padding=&#8220;3&#8243; bottom_padding=&#8220;3&#8243; overlay_alpha=&#8220;50&#8243; gutter_size=&#8220;2&#8243; column_width_percent=&#8220;100&#8243; border_color=&#8220;color-gyho&#8220; border_style=&#8220;solid&#8220; shift_y=&#8220;0&#8243; z_index=&#8220;0&#8243; content_parallax=&#8220;0&#8243; uncode_shortcode_id=&#8220;111359&#8243; css=&#8220;.vc_custom_1744983843137{border-top-width: 1px !important;border-bottom-width: 1px !important;padding-right: 18px !important;padding-left: 18px !important;}&#8220; border_color_type=&#8220;uncode-palette&#8220;][vc_column column_width_percent=&#8220;100&#8243; position_vertical=&#8220;justify&#8220; gutter_size=&#8220;3&#8243; back_image=&#8220;156196&#8243; multiple_media=&#8220;yes&#8220; medias=&#8220;2286&#8243; bg_transition=&#8220;scroll&#8220; bg_transition_time=&#8220;200&#8243; bg_transition_threshold=&#8220;50&#8243; overlay_alpha=&#8220;50&#8243; radius=&#8220;hg&#8220; shift_x=&#8220;0&#8243; shift_y=&#8220;0&#8243; shift_y_down=&#8220;0&#8243; z_index=&#8220;0&#8243; medium_width=&#8220;0&#8243; mobile_width=&#8220;0&#8243; width=&#8220;1\/2&#8243; uncode_shortcode_id=&#8220;189291&#8243; mobile_height=&#8220;400&#8243;][\/vc_column][vc_column column_width_percent=&#8220;100&#8243; position_vertical=&#8220;justify&#8220; gutter_size=&#8220;3&#8243; override_padding=&#8220;yes&#8220; column_padding=&#8220;3&#8243; style=&#8220;dark&#8220; back_color=&#8220;accent&#8220; overlay_alpha=&#8220;50&#8243; radius=&#8220;hg&#8220; shift_x=&#8220;0&#8243; shift_y=&#8220;0&#8243; shift_y_down=&#8220;0&#8243; z_index=&#8220;0&#8243; medium_width=&#8220;0&#8243; align_mobile=&#8220;align_center_mobile&#8220; mobile_width=&#8220;0&#8243; width=&#8220;1\/2&#8243; uncode_shortcode_id=&#8220;135240&#8243; back_color_type=&#8220;uncode-palette&#8220;][vc_row_inner row_inner_height_percent=&#8220;0&#8243; overlay_alpha=&#8220;50&#8243; gutter_size=&#8220;4&#8243; shift_y=&#8220;0&#8243; z_index=&#8220;0&#8243; uncode_shortcode_id=&#8220;469261&#8243; limit_content=&#8220;&#8220;][vc_column_inner column_width_percent=&#8220;100&#8243; gutter_size=&#8220;2&#8243; style=&#8220;dark&#8220; font_family=&#8220;font-787672&#8243; overlay_alpha=&#8220;50&#8243; shift_x=&#8220;0&#8243; shift_y=&#8220;0&#8243; shift_y_down=&#8220;0&#8243; z_index=&#8220;0&#8243; medium_width=&#8220;6&#8243; align_mobile=&#8220;align_center_mobile&#8220; mobile_width=&#8220;0&#8243; width=&#8220;1\/1&#8243; uncode_shortcode_id=&#8220;120404&#8243;][vc_custom_heading text_size=&#8220;bigtext&#8220; text_weight=&#8220;700&#8243; uncode_shortcode_id=&#8220;182150&#8243;]Erm\u00e4\u00dfigungen f\u00fcr Mitglieder von Bogenschie\u00dfgesellschaften[\/vc_custom_heading][\/vc_column_inner][\/vc_row_inner][vc_row_inner row_inner_height_percent=&#8220;0&#8243; overlay_alpha=&#8220;50&#8243; gutter_size=&#8220;4&#8243; shift_y=&#8220;0&#8243; z_index=&#8220;0&#8243; uncode_shortcode_id=&#8220;469261&#8243; limit_content=&#8220;&#8220;][vc_column_inner column_width_percent=&#8220;100&#8243; gutter_size=&#8220;2&#8243; style=&#8220;dark&#8220; font_family=&#8220;font-787672&#8243; overlay_alpha=&#8220;50&#8243; shift_x=&#8220;0&#8243; shift_y=&#8220;0&#8243; shift_y_down=&#8220;0&#8243; z_index=&#8220;0&#8243; medium_width=&#8220;6&#8243; align_mobile=&#8220;align_center_mobile&#8220; mobile_width=&#8220;0&#8243; width=&#8220;10\/12&#8243; uncode_shortcode_id=&#8220;120404&#8243;][vc_custom_heading heading_semantic=&#8220;h6&#8243; text_size=&#8220;custom&#8220; text_weight=&#8220;400&#8243; uncode_shortcode_id=&#8220;739061&#8243; heading_custom_size=&#8220;clamp(20px, 3vw, 30px)&#8220;]Entdecken Sie exklusive Angebote, abonnieren Sie die Website, um Zugang zu Sonderpreisen und -angeboten zu erhalten.[\/vc_custom_heading][vc_empty_space][\/vc_column_inner][vc_column_inner column_width_percent=&#8220;100&#8243; position_vertical=&#8220;bottom&#8220; align_horizontal=&#8220;align_right&#8220; gutter_size=&#8220;3&#8243; style=&#8220;dark&#8220; overlay_alpha=&#8220;50&#8243; shift_x=&#8220;0&#8243; shift_y=&#8220;0&#8243; shift_y_down=&#8220;0&#8243; z_index=&#8220;0&#8243; medium_width=&#8220;2&#8243; mobile_visibility=&#8220;yes&#8220; mobile_width=&#8220;0&#8243; width=&#8220;2\/12&#8243; uncode_shortcode_id=&#8220;501944&#8243;][\/vc_column_inner][\/vc_row_inner][uncode_woocommerce_account_forms account_forms_form_type=&#8220;register&#8220; account_forms_button_button_color_type=&#8220;uncode-palette&#8220; account_forms_button_button_color_solid=&#8220;#ff0000&#8243;][\/vc_column][\/vc_row]<\/p>\n<\/div>","protected":false},"excerpt":{"rendered":"<p>[vc_row row_height_percent=&#8220;50&#8243; override_padding=&#8220;yes&#8220; h_padding=&#8220;2&#8243; top_padding=&#8220;5&#8243; bottom_padding=&#8220;5&#8243; back_color=&#8220;accent&#8220; back_image=&#8220;156082&#8243; multiple_media=&#8220;yes&#8220; back_repeat=&#8220;no-repeat&#8220; back_position=&#8220;center center&#8220; kburns=&#8220;magnetic&#8220; overlay_color=&#8220;accent&#8220; overlay_alpha=&#8220;84&#8243; gutter_size=&#8220;4&#8243; column_width_percent=&#8220;100&#8243; shift_y=&#8220;0&#8243; z_index=&#8220;0&#8243; css_animation=&#8220;scroll-trigger&#8220; [&hellip;]<\/p>\n","protected":false},"author":7,"featured_media":0,"parent":0,"menu_order":0,"comment_status":"closed","ping_status":"closed","template":"","meta":{"_monsterinsights_skip_tracking":false,"_monsterinsights_sitenote_active":false,"_monsterinsights_sitenote_note":"","_monsterinsights_sitenote_category":0,"footnotes":""},"class_list":["post-156431","page","type-page","status-publish","hentry","page_category-shop-de"],"_links":{"self":[{"href":"https:\/\/www.archeryshopaltana.it\/de\/wp-json\/wp\/v2\/pages\/156431","targetHints":{"allow":["GET"]}}],"collection":[{"href":"https:\/\/www.archeryshopaltana.it\/de\/wp-json\/wp\/v2\/pages"}],"about":[{"href":"https:\/\/www.archeryshopaltana.it\/de\/wp-json\/wp\/v2\/types\/page"}],"author":[{"embeddable":true,"href":"https:\/\/www.archeryshopaltana.it\/de\/wp-json\/wp\/v2\/users\/7"}],"replies":[{"embeddable":true,"href":"https:\/\/www.archeryshopaltana.it\/de\/wp-json\/wp\/v2\/comments?post=156431"}],"version-history":[{"count":36,"href":"https:\/\/www.archeryshopaltana.it\/de\/wp-json\/wp\/v2\/pages\/156431\/revisions"}],"predecessor-version":[{"id":157302,"href":"https:\/\/www.archeryshopaltana.it\/de\/wp-json\/wp\/v2\/pages\/156431\/revisions\/157302"}],"wp:attachment":[{"href":"https:\/\/www.archeryshopaltana.it\/de\/wp-json\/wp\/v2\/media?parent=156431"}],"curies":[{"name":"wp","href":"https:\/\/api.w.org\/{rel}","templated":true}]}}