{"id":157144,"date":"2025-11-04T16:28:19","date_gmt":"2025-11-04T16:28:19","guid":{"rendered":"https:\/\/www.archeryshopaltana.it\/prodotto\/ishi-bogenschuetzen-aufnaeher\/"},"modified":"2025-11-04T16:36:03","modified_gmt":"2025-11-04T16:36:03","slug":"ishi-bogenschuetzen-aufnaeher","status":"publish","type":"product","link":"https:\/\/www.archeryshopaltana.it\/de\/produkt\/ishi-bogenschuetzen-aufnaeher\/","title":{"rendered":"Ishi Bogensch\u00fctzen Aufn\u00e4her"},"content":{"rendered":"<div class=\"wpb-content-wrapper\"><p>[vc_row][vc_column width=&#8220;1\/1&#8243;][vc_column_text uncode_shortcode_id=&#8220;122919&#8243;]M\u00f6chten Sie unsere Aufn\u00e4her?<br \/>Buchen Sie es und holen Sie es direkt im Bogenschie\u00dfzentrum ab[\/vc_column_text][\/vc_column][\/vc_row]<\/p>\n<\/div>","protected":false},"excerpt":{"rendered":"<p>Bestickter Stoffaufn\u00e4her zum Aufn\u00e4hen auf Ihre Kleidungsst\u00fccke<\/p>\n","protected":false},"featured_media":156188,"template":"","meta":{"_monsterinsights_skip_tracking":false,"_monsterinsights_sitenote_active":false,"_monsterinsights_sitenote_note":"","_monsterinsights_sitenote_category":0},"product_brand":[581],"product_cat":[165],"product_tag":[235,250,256,402,613,614],"class_list":{"0":"post-157144","1":"product","2":"type-product","3":"status-publish","4":"has-post-thumbnail","6":"product_brand-centro-arcieristico-altana-del-motto-rosso","7":"product_cat-bogenschiessen","8":"product_tag-outdoorkleidung","9":"product_tag-gilets-de","10":"product_tag-polo-de","11":"product_tag-capellini-de","12":"product_tag-t-shirts","13":"product_tag-patches","15":"first","16":"instock","17":"sold-individually","18":"purchasable","19":"product-type-simple"},"_links":{"self":[{"href":"https:\/\/www.archeryshopaltana.it\/de\/wp-json\/wp\/v2\/product\/157144","targetHints":{"allow":["GET"]}}],"collection":[{"href":"https:\/\/www.archeryshopaltana.it\/de\/wp-json\/wp\/v2\/product"}],"about":[{"href":"https:\/\/www.archeryshopaltana.it\/de\/wp-json\/wp\/v2\/types\/product"}],"wp:featuredmedia":[{"embeddable":true,"href":"https:\/\/www.archeryshopaltana.it\/de\/wp-json\/wp\/v2\/media\/156188"}],"wp:attachment":[{"href":"https:\/\/www.archeryshopaltana.it\/de\/wp-json\/wp\/v2\/media?parent=157144"}],"wp:term":[{"taxonomy":"product_brand","embeddable":true,"href":"https:\/\/www.archeryshopaltana.it\/de\/wp-json\/wp\/v2\/product_brand?post=157144"},{"taxonomy":"product_cat","embeddable":true,"href":"https:\/\/www.archeryshopaltana.it\/de\/wp-json\/wp\/v2\/product_cat?post=157144"},{"taxonomy":"product_tag","embeddable":true,"href":"https:\/\/www.archeryshopaltana.it\/de\/wp-json\/wp\/v2\/product_tag?post=157144"}],"curies":[{"name":"wp","href":"https:\/\/api.w.org\/{rel}","templated":true}]}}