{"id":12363,"date":"2025-12-07T07:00:12","date_gmt":"2025-12-07T07:00:12","guid":{"rendered":"https:\/\/www.archeryshopaltana.it\/?page_id=12363"},"modified":"2025-12-07T15:38:18","modified_gmt":"2025-12-07T15:38:18","slug":"a-propos-de-nous-2","status":"publish","type":"page","link":"https:\/\/www.archeryshopaltana.it\/fr\/a-propos-de-nous-2\/","title":{"rendered":"A propos de nous"},"content":{"rendered":"<div class=\"wpb-content-wrapper\"><p>[vc_row][vc_column width=\u00a0\u00bb1\/1&Prime;][vc_column_text uncode_shortcode_id=\u00a0\u00bb157083&Prime;]<\/p>\n<div id=\"pl-12360\" class=\"panel-layout\">\n<div id=\"pg-12360-0\" class=\"panel-grid panel-no-style\">\n<div id=\"pgc-12360-0-0\" class=\"panel-grid-cell\" data-weight=\"0.29559996343064\">\n<div id=\"panel-12360-0-0-0\" class=\"so-panel widget panel-first-child panel-last-child\" data-index=\"0\">Le Centre de tir \u00e0 l&rsquo;arc a \u00e9t\u00e9 cr\u00e9\u00e9 pour permettre \u00e0 tous les archers de pratiquer librement le tir \u00e0 l&rsquo;arc, sans contrainte d&rsquo;inscription \u00e0 un camp ou \u00e0 un autre<br \/>\nLes parcours sont ouverts toute l&rsquo;ann\u00e9e et tous les jours, mais il est demand\u00e9 de pr\u00e9venir de votre arriv\u00e9e afin qu&rsquo;il n&rsquo;y ait pas d&#8217;emp\u00eachements tels que des comp\u00e9titions ou des \u00e9v\u00e9nements.<\/div>\n<div data-index=\"0\"><\/div>\n<\/div>\n<div id=\"pgc-12360-0-1\" class=\"panel-grid-cell\" data-weight=\"0.70440003656936\"><\/div>\n<\/div>\n<div id=\"pg-12360-1\" class=\"panel-grid panel-no-style\">\n<div id=\"pgc-12360-1-1\" class=\"panel-grid-cell\" data-weight=\"0.49759730181471\">\n<div id=\"panel-12360-1-1-0\" class=\"so-panel widget widget_text panel-first-child panel-last-child\" data-index=\"2\">\n<h3 class=\"widget-title\">Calendrier<\/h3>\n<div class=\"textwidget\">\n<p>Sur rendez-vous, appelez Marco \u00e0 3356124797 (ou whatsapp si vous souhaitez envoyer des messages)<br \/>\nde 09h00 \u00e0 12h30<br \/>\net de 14h30 \u00e0 18h00<br \/>\ntous les jours.<\/p>\n<\/div>\n<p>&nbsp;<\/p>\n<\/div>\n<\/div>\n<\/div>\n<\/div>\n<p>[\/vc_column_text][\/vc_column][\/vc_row]<\/p>\n<\/div>","protected":false},"excerpt":{"rendered":"<p>[vc_row][vc_column width=\u00a0\u00bb1\/1&Prime;][vc_column_text uncode_shortcode_id=\u00a0\u00bb157083&Prime;] Le Centre de tir \u00e0 l&rsquo;arc a \u00e9t\u00e9 cr\u00e9\u00e9 pour permettre \u00e0 tous les archers de pratiquer [&hellip;]<\/p>\n","protected":false},"author":2,"featured_media":0,"parent":0,"menu_order":0,"comment_status":"closed","ping_status":"closed","template":"","meta":{"_monsterinsights_skip_tracking":false,"_monsterinsights_sitenote_active":false,"_monsterinsights_sitenote_note":"","_monsterinsights_sitenote_category":0,"footnotes":""},"class_list":["post-12363","page","type-page","status-publish","hentry"],"_links":{"self":[{"href":"https:\/\/www.archeryshopaltana.it\/fr\/wp-json\/wp\/v2\/pages\/12363","targetHints":{"allow":["GET"]}}],"collection":[{"href":"https:\/\/www.archeryshopaltana.it\/fr\/wp-json\/wp\/v2\/pages"}],"about":[{"href":"https:\/\/www.archeryshopaltana.it\/fr\/wp-json\/wp\/v2\/types\/page"}],"author":[{"embeddable":true,"href":"https:\/\/www.archeryshopaltana.it\/fr\/wp-json\/wp\/v2\/users\/2"}],"replies":[{"embeddable":true,"href":"https:\/\/www.archeryshopaltana.it\/fr\/wp-json\/wp\/v2\/comments?post=12363"}],"version-history":[{"count":21,"href":"https:\/\/www.archeryshopaltana.it\/fr\/wp-json\/wp\/v2\/pages\/12363\/revisions"}],"predecessor-version":[{"id":157335,"href":"https:\/\/www.archeryshopaltana.it\/fr\/wp-json\/wp\/v2\/pages\/12363\/revisions\/157335"}],"wp:attachment":[{"href":"https:\/\/www.archeryshopaltana.it\/fr\/wp-json\/wp\/v2\/media?parent=12363"}],"curies":[{"name":"wp","href":"https:\/\/api.w.org\/{rel}","templated":true}]}}