{"id":156427,"date":"2025-10-31T07:00:56","date_gmt":"2025-10-31T07:00:56","guid":{"rendered":"https:\/\/www.archeryshopaltana.it\/magasin-darcerie\/"},"modified":"2025-12-07T11:37:56","modified_gmt":"2025-12-07T11:37:56","slug":"magasin-darcerie","status":"publish","type":"page","link":"https:\/\/www.archeryshopaltana.it\/fr\/magasin-darcerie\/","title":{"rendered":"Boutique de tir \u00e0 l&rsquo;arc"},"content":{"rendered":"<div class=\"wpb-content-wrapper\"><p>[vc_row row_height_percent=\u00a0\u00bb50&Prime; override_padding=\u00a0\u00bbyes\u00a0\u00bb h_padding=\u00a0\u00bb2&Prime; top_padding=\u00a0\u00bb5&Prime; bottom_padding=\u00a0\u00bb5&Prime; back_color=\u00a0\u00bbaccent\u00a0\u00bb back_image=\u00a0\u00bb156082&Prime; multiple_media=\u00a0\u00bbyes\u00a0\u00bb back_repeat=\u00a0\u00bbno-repeat\u00a0\u00bb back_position=\u00a0\u00bbcenter center\u00a0\u00bb kburns=\u00a0\u00bbmagnetic\u00a0\u00bb overlay_color=\u00a0\u00bbaccent\u00a0\u00bb overlay_alpha=\u00a0\u00bb84&Prime; gutter_size=\u00a0\u00bb4&Prime; column_width_percent=\u00a0\u00bb100&Prime; shift_y=\u00a0\u00bb0&Prime; z_index=\u00a0\u00bb0&Prime; css_animation=\u00a0\u00bbscroll-trigger\u00a0\u00bb animate_el=\u00a0\u00bbbg\u00a0\u00bb animation_state=\u00a0\u00bbend\u00a0\u00bb animation_scale_val=\u00a0\u00bb100&Prime; animation_opacity=\u00a0\u00bb35&Prime; animation_x=\u00a0\u00bb0&Prime; animation_y=\u00a0\u00bb0&Prime; animation_blur=\u00a0\u00bb0&Prime; animation_rotate=\u00a0\u00bb0&Prime; animation_perspective=\u00a0\u00bb0&Prime; animation_offset_top=\u00a0\u00bb0&Prime; animation_offset_bottom=\u00a0\u00bb100&Prime; content_parallax=\u00a0\u00bb0&Prime; uncode_shortcode_id=\u00a0\u00bb175575&Prime; back_color_type=\u00a0\u00bbuncode-palette\u00a0\u00bb overlay_color_type=\u00a0\u00bbuncode-palette\u00a0\u00bb][vc_column column_width_percent=\u00a0\u00bb100&Prime; position_vertical=\u00a0\u00bbmiddle\u00a0\u00bb gutter_size=\u00a0\u00bb2&Prime; style=\u00a0\u00bbdark\u00a0\u00bb font_family=\u00a0\u00bbfont-955596&Prime; overlay_alpha=\u00a0\u00bb50&Prime; shift_x=\u00a0\u00bb0&Prime; shift_y=\u00a0\u00bb0&Prime; shift_y_down=\u00a0\u00bb0&Prime; z_index=\u00a0\u00bb0&Prime; medium_width=\u00a0\u00bb0&Prime; mobile_width=\u00a0\u00bb0&Prime; css_animation=\u00a0\u00bbalpha-anim\u00a0\u00bb animation_speed=\u00a0\u00bb1400&Prime; width=\u00a0\u00bb1\/1&Prime; mobile_height=\u00a0\u00bb340&Prime; uncode_shortcode_id=\u00a0\u00bb786257&Prime;][vc_row_inner row_inner_height_percent=\u00a0\u00bb0&Prime; overlay_alpha=\u00a0\u00bb50&Prime; gutter_size=\u00a0\u00bb4&Prime; shift_y=\u00a0\u00bb0&Prime; z_index=\u00a0\u00bb0&Prime; limit_content=\u00a0\u00bb\u00a0\u00bb uncode_shortcode_id=\u00a0\u00bb512458&Prime;][vc_column_inner column_width_percent=\u00a0\u00bb100&Prime; gutter_size=\u00a0\u00bb2&Prime; style=\u00a0\u00bbdark\u00a0\u00bb overlay_alpha=\u00a0\u00bb50&Prime; shift_x=\u00a0\u00bb0&Prime; shift_y=\u00a0\u00bb0&Prime; shift_y_down=\u00a0\u00bb0&Prime; z_index=\u00a0\u00bb0&Prime; medium_width=\u00a0\u00bb6&Prime; align_mobile=\u00a0\u00bbalign_center_mobile\u00a0\u00bb mobile_width=\u00a0\u00bb0&Prime; width=\u00a0\u00bb2\/3&Prime; uncode_shortcode_id=\u00a0\u00bb133612&Prime;][vc_custom_heading text_size=\u00a0\u00bbcustom\u00a0\u00bb text_weight=\u00a0\u00bb800&Prime; css_animation=\u00a0\u00bbcurtain-words\u00a0\u00bb animation_speed=\u00a0\u00bb1200&Prime; uncode_shortcode_id=\u00a0\u00bb412958&Prime; heading_custom_size=\u00a0\u00bbclamp(42px,8vw,80px)\u00a0\u00bb]Vous souhaitez faire ou vous offrir un cadeau tout au long de l&rsquo;ann\u00e9e ?<br \/>\nS&rsquo;abonner au Centre de tir \u00e0 l&rsquo;arc[\/vc_custom_heading][vc_empty_space empty_h=\u00a0\u00bb3&Prime;][uncode_index el_id=\u00a0\u00bbindex-938365&Prime; index_type=\u00a0\u00bbtitles\u00a0\u00bb loop=\u00a0\u00bbsize:12|order_by:date|post_type:product|taxonomy_query:product_cat|taxonomy_order:name|taxonomy_sort:ASC|taxonomy_count:100&Prime; titles_display=\u00a0\u00bbinline\u00a0\u00bb gutter_size=\u00a0\u00bb2&Prime; drop_image_position=\u00a0\u00bbhide\u00a0\u00bb drop_image_time=\u00a0\u00bb100&Prime; drop_image_hover=\u00a0\u00bbopacity-inverted\u00a0\u00bb single_style=\u00a0\u00bbdark\u00a0\u00bb single_title_dimension=\u00a0\u00bbh3&Prime; single_title_weight=\u00a0\u00bb500&Prime; single_css_animation=\u00a0\u00bbalpha-anim\u00a0\u00bb single_animation_speed=\u00a0\u00bb800&Prime; textual_display=\u00a0\u00bbinline\u00a0\u00bb drop_title_hover=\u00a0\u00bboutlined-inverted\u00a0\u00bb drop_image_index=\u00a0\u00bbyes\u00a0\u00bb uncode_shortcode_id=\u00a0\u00bb160055&Prime;][vc_empty_space empty_h=\u00a0\u00bb4&Prime;][\/vc_column_inner][vc_column_inner column_width_percent=\u00a0\u00bb100&Prime; gutter_size=\u00a0\u00bb3&Prime; overlay_alpha=\u00a0\u00bb50&Prime; shift_x=\u00a0\u00bb0&Prime; shift_y=\u00a0\u00bb0&Prime; shift_y_down=\u00a0\u00bb0&Prime; z_index=\u00a0\u00bb0&Prime; medium_width=\u00a0\u00bb2&Prime; mobile_visibility=\u00a0\u00bbyes\u00a0\u00bb mobile_width=\u00a0\u00bb0&Prime; width=\u00a0\u00bb1\/3&Prime; uncode_shortcode_id=\u00a0\u00bb200647&Prime;][\/vc_column_inner][\/vc_row_inner][\/vc_column][\/vc_row][vc_row unlock_row=\u00a0\u00bb\u00a0\u00bb row_height_percent=\u00a0\u00bb0&Prime; override_padding=\u00a0\u00bbyes\u00a0\u00bb h_padding=\u00a0\u00bb2&Prime; top_padding=\u00a0\u00bb7&Prime; bottom_padding=\u00a0\u00bb4&Prime; overlay_alpha=\u00a0\u00bb50&Prime; gutter_size=\u00a0\u00bb3&Prime; column_width_percent=\u00a0\u00bb100&Prime; border_color=\u00a0\u00bbcolor-gyho\u00a0\u00bb border_style=\u00a0\u00bbsolid\u00a0\u00bb shift_y=\u00a0\u00bb0&Prime; z_index=\u00a0\u00bb0&Prime; content_parallax=\u00a0\u00bb0&Prime; uncode_shortcode_id=\u00a0\u00bb131589&Prime; border_color_type=\u00a0\u00bbuncode-palette\u00a0\u00bb css=\u00a0\u00bb.vc_custom_1744983566631{border-top-width: 1px !important;}\u00a0\u00bb][vc_column column_width_percent=\u00a0\u00bb100&Prime; align_horizontal=\u00a0\u00bbalign_center\u00a0\u00bb gutter_size=\u00a0\u00bb4&Prime; overlay_alpha=\u00a0\u00bb50&Prime; shift_x=\u00a0\u00bb0&Prime; shift_y=\u00a0\u00bb0&Prime; shift_y_down=\u00a0\u00bb0&Prime; z_index=\u00a0\u00bb0&Prime; medium_width=\u00a0\u00bb0&Prime; mobile_width=\u00a0\u00bb0&Prime; css_animation=\u00a0\u00bbalpha-anim\u00a0\u00bb animation_speed=\u00a0\u00bb1000&Prime; animation_delay=\u00a0\u00bb200&Prime; width=\u00a0\u00bb1\/1&Prime; uncode_shortcode_id=\u00a0\u00bb465649&Prime;][vc_custom_heading text_size=\u00a0\u00bbcustom\u00a0\u00bb text_weight=\u00a0\u00bb700&Prime; uncode_shortcode_id=\u00a0\u00bb213053&Prime; heading_custom_size=\u00a0\u00bbclamp(30px, 4vw, 50px)\u00a0\u00bb]Points forts[\/vc_custom_heading][uncode_index el_id=\u00a0\u00bbindex-12345&Prime; index_type=\u00a0\u00bbtitles\u00a0\u00bb loop=\u00a0\u00bbsize:4|order_by:date|order:DESC|post_type:product,product|taxonomy_count:10&Prime; gutter_size=\u00a0\u00bb2&Prime; drop_image_time=\u00a0\u00bb250&Prime; drop_radius=\u00a0\u00bb\u00a0\u00bb single_title_semantic=\u00a0\u00bbh4&Prime; single_title_dimension=\u00a0\u00bbh5&Prime; single_title_weight=\u00a0\u00bb400&Prime; custom_order=\u00a0\u00bbyes\u00a0\u00bb uncode_shortcode_id=\u00a0\u00bb365948&Prime; order_ids=\u00a0\u00bb111986,111680,111773,111886,112064,111956,111696&Prime;][uncode_carousel_nav padding=\u00a0\u00bb2&Prime; limit_width=\u00a0\u00bbyes\u00a0\u00bb h_align=\u00a0\u00bbcenter\u00a0\u00bb hide_arrows=\u00a0\u00bbyes\u00a0\u00bb hide_counter=\u00a0\u00bbyes\u00a0\u00bb uncode_shortcode_id=\u00a0\u00bb170066&Prime; dot_single_width=\u00a0\u00bb6&Prime; dot_single_active=\u00a0\u00bb9&Prime; dot_single_space=\u00a0\u00bb6&Prime; dot_single_radius=\u00a0\u00bb6&Prime;][\/vc_column][\/vc_row][vc_row unlock_row_content=\u00a0\u00bbyes\u00a0\u00bb row_height_percent=\u00a0\u00bb0&Prime; override_padding=\u00a0\u00bbyes\u00a0\u00bb h_padding=\u00a0\u00bb5&Prime; top_padding=\u00a0\u00bb3&Prime; bottom_padding=\u00a0\u00bb3&Prime; overlay_alpha=\u00a0\u00bb50&Prime; gutter_size=\u00a0\u00bb3&Prime; column_width_percent=\u00a0\u00bb100&Prime; shift_y=\u00a0\u00bb0&Prime; z_index=\u00a0\u00bb0&Prime; uncode_shortcode_id=\u00a0\u00bb213810&Prime;][vc_column column_width_percent=\u00a0\u00bb100&Prime; gutter_size=\u00a0\u00bb3&Prime; overlay_alpha=\u00a0\u00bb50&Prime; shift_x=\u00a0\u00bb0&Prime; shift_y=\u00a0\u00bb0&Prime; shift_y_down=\u00a0\u00bb0&Prime; z_index=\u00a0\u00bb0&Prime; medium_width=\u00a0\u00bb0&Prime; mobile_width=\u00a0\u00bb0&Prime; width=\u00a0\u00bb1\/1&Prime; uncode_shortcode_id=\u00a0\u00bb171616&Prime;][uncode_index el_id=\u00a0\u00bbindex-145375-5&Prime; loop=\u00a0\u00bbsize:500|order_by:rand|post_type:product|taxonomy_count:10&Prime; screen_lg=\u00a0\u00bb1000&Prime; screen_md=\u00a0\u00bb600&Prime; screen_sm=\u00a0\u00bb480&Prime; gutter_size=\u00a0\u00bb2&Prime; product_items=\u00a0\u00bbtext|excerpt|70,spacer|one,icon|sm,media|featured|onpost|original|hide-sale|inherit-atc|inherit-w-atc|atc-typo-default|hide-atc,title|-,sep-one|full\u00a0\u00bb single_back_color=\u00a0\u00bbcolor-xsdn\u00a0\u00bb single_overlay_opacity=\u00a0\u00bb50&Prime; single_overlay_anim=\u00a0\u00bbno\u00a0\u00bb single_padding=\u00a0\u00bb2&Prime; single_title_dimension=\u00a0\u00bbh5&Prime; single_title_weight=\u00a0\u00bb500&Prime; no_double_tap=\u00a0\u00bbyes\u00a0\u00bb pagination_per_page=\u00a0\u00bb0&Prime; uncode_shortcode_id=\u00a0\u00bb733347&Prime;][\/vc_column][\/vc_row][vc_row unlock_row_content=\u00a0\u00bbyes\u00a0\u00bb row_height_percent=\u00a0\u00bb50&Prime; override_padding=\u00a0\u00bbyes\u00a0\u00bb h_padding=\u00a0\u00bb0&Prime; top_padding=\u00a0\u00bb3&Prime; bottom_padding=\u00a0\u00bb3&Prime; overlay_alpha=\u00a0\u00bb50&Prime; gutter_size=\u00a0\u00bb2&Prime; column_width_percent=\u00a0\u00bb100&Prime; border_color=\u00a0\u00bbcolor-gyho\u00a0\u00bb border_style=\u00a0\u00bbsolid\u00a0\u00bb shift_y=\u00a0\u00bb0&Prime; z_index=\u00a0\u00bb0&Prime; content_parallax=\u00a0\u00bb0&Prime; uncode_shortcode_id=\u00a0\u00bb111359&Prime; css=\u00a0\u00bb.vc_custom_1744983843137{border-top-width: 1px !important;border-bottom-width: 1px !important;padding-right: 18px !important;padding-left: 18px !important;}\u00a0\u00bb border_color_type=\u00a0\u00bbuncode-palette\u00a0\u00bb][vc_column column_width_percent=\u00a0\u00bb100&Prime; position_vertical=\u00a0\u00bbjustify\u00a0\u00bb gutter_size=\u00a0\u00bb3&Prime; back_image=\u00a0\u00bb156195&Prime; multiple_media=\u00a0\u00bbyes\u00a0\u00bb medias=\u00a0\u00bb2286&Prime; bg_transition=\u00a0\u00bbscroll\u00a0\u00bb bg_transition_time=\u00a0\u00bb200&Prime; bg_transition_threshold=\u00a0\u00bb50&Prime; overlay_alpha=\u00a0\u00bb50&Prime; radius=\u00a0\u00bbhg\u00a0\u00bb shift_x=\u00a0\u00bb0&Prime; shift_y=\u00a0\u00bb0&Prime; shift_y_down=\u00a0\u00bb0&Prime; z_index=\u00a0\u00bb0&Prime; medium_width=\u00a0\u00bb0&Prime; mobile_width=\u00a0\u00bb0&Prime; width=\u00a0\u00bb1\/2&Prime; uncode_shortcode_id=\u00a0\u00bb189291&Prime; mobile_height=\u00a0\u00bb400&Prime;][\/vc_column][vc_column column_width_percent=\u00a0\u00bb100&Prime; position_vertical=\u00a0\u00bbjustify\u00a0\u00bb gutter_size=\u00a0\u00bb3&Prime; override_padding=\u00a0\u00bbyes\u00a0\u00bb column_padding=\u00a0\u00bb3&Prime; style=\u00a0\u00bbdark\u00a0\u00bb back_color=\u00a0\u00bbaccent\u00a0\u00bb overlay_alpha=\u00a0\u00bb50&Prime; radius=\u00a0\u00bbhg\u00a0\u00bb shift_x=\u00a0\u00bb0&Prime; shift_y=\u00a0\u00bb0&Prime; shift_y_down=\u00a0\u00bb0&Prime; z_index=\u00a0\u00bb0&Prime; medium_width=\u00a0\u00bb0&Prime; align_mobile=\u00a0\u00bbalign_center_mobile\u00a0\u00bb mobile_width=\u00a0\u00bb0&Prime; width=\u00a0\u00bb1\/2&Prime; uncode_shortcode_id=\u00a0\u00bb135240&Prime; back_color_type=\u00a0\u00bbuncode-palette\u00a0\u00bb][vc_row_inner row_inner_height_percent=\u00a0\u00bb0&Prime; overlay_alpha=\u00a0\u00bb50&Prime; gutter_size=\u00a0\u00bb4&Prime; shift_y=\u00a0\u00bb0&Prime; z_index=\u00a0\u00bb0&Prime; uncode_shortcode_id=\u00a0\u00bb469261&Prime; limit_content=\u00a0\u00bb\u00a0\u00bb][vc_column_inner column_width_percent=\u00a0\u00bb100&Prime; gutter_size=\u00a0\u00bb2&Prime; style=\u00a0\u00bbdark\u00a0\u00bb font_family=\u00a0\u00bbfont-787672&Prime; overlay_alpha=\u00a0\u00bb50&Prime; shift_x=\u00a0\u00bb0&Prime; shift_y=\u00a0\u00bb0&Prime; shift_y_down=\u00a0\u00bb0&Prime; z_index=\u00a0\u00bb0&Prime; medium_width=\u00a0\u00bb6&Prime; align_mobile=\u00a0\u00bbalign_center_mobile\u00a0\u00bb mobile_width=\u00a0\u00bb0&Prime; width=\u00a0\u00bb1\/1&Prime; uncode_shortcode_id=\u00a0\u00bb120404&Prime;][vc_custom_heading text_size=\u00a0\u00bbbigtext\u00a0\u00bb text_weight=\u00a0\u00bb700&Prime; uncode_shortcode_id=\u00a0\u00bb182150&Prime;]R\u00e9ductions pour les membres des soci\u00e9t\u00e9s de tir \u00e0 l&rsquo;arc[\/vc_custom_heading][\/vc_column_inner][\/vc_row_inner][vc_row_inner row_inner_height_percent=\u00a0\u00bb0&Prime; overlay_alpha=\u00a0\u00bb50&Prime; gutter_size=\u00a0\u00bb4&Prime; shift_y=\u00a0\u00bb0&Prime; z_index=\u00a0\u00bb0&Prime; uncode_shortcode_id=\u00a0\u00bb469261&Prime; limit_content=\u00a0\u00bb\u00a0\u00bb][vc_column_inner column_width_percent=\u00a0\u00bb100&Prime; gutter_size=\u00a0\u00bb2&Prime; style=\u00a0\u00bbdark\u00a0\u00bb font_family=\u00a0\u00bbfont-787672&Prime; overlay_alpha=\u00a0\u00bb50&Prime; shift_x=\u00a0\u00bb0&Prime; shift_y=\u00a0\u00bb0&Prime; shift_y_down=\u00a0\u00bb0&Prime; z_index=\u00a0\u00bb0&Prime; medium_width=\u00a0\u00bb6&Prime; align_mobile=\u00a0\u00bbalign_center_mobile\u00a0\u00bb mobile_width=\u00a0\u00bb0&Prime; width=\u00a0\u00bb10\/12&Prime; uncode_shortcode_id=\u00a0\u00bb120404&Prime;][vc_custom_heading heading_semantic=\u00a0\u00bbh6&Prime; text_size=\u00a0\u00bbcustom\u00a0\u00bb text_weight=\u00a0\u00bb400&Prime; uncode_shortcode_id=\u00a0\u00bb739061&Prime; heading_custom_size=\u00a0\u00bbclamp(20px, 3vw, 30px)\u00a0\u00bb]D\u00e9couvrez des offres exclusives, inscrivez-vous sur le site pour avoir acc\u00e8s \u00e0 des prix et des offres sp\u00e9ciales.[\/vc_custom_heading][vc_empty_space][\/vc_column_inner][vc_column_inner column_width_percent=\u00a0\u00bb100&Prime; position_vertical=\u00a0\u00bbbottom\u00a0\u00bb align_horizontal=\u00a0\u00bbalign_right\u00a0\u00bb gutter_size=\u00a0\u00bb3&Prime; style=\u00a0\u00bbdark\u00a0\u00bb overlay_alpha=\u00a0\u00bb50&Prime; shift_x=\u00a0\u00bb0&Prime; shift_y=\u00a0\u00bb0&Prime; shift_y_down=\u00a0\u00bb0&Prime; z_index=\u00a0\u00bb0&Prime; medium_width=\u00a0\u00bb2&Prime; mobile_visibility=\u00a0\u00bbyes\u00a0\u00bb mobile_width=\u00a0\u00bb0&Prime; width=\u00a0\u00bb2\/12&Prime; uncode_shortcode_id=\u00a0\u00bb501944&Prime;][\/vc_column_inner][\/vc_row_inner][uncode_woocommerce_account_forms account_forms_form_type=\u00a0\u00bbregister\u00a0\u00bb account_forms_button_button_color_type=\u00a0\u00bbuncode-palette\u00a0\u00bb account_forms_button_button_color_solid=\u00a0\u00bb#ff0000&Prime;][\/vc_column][\/vc_row]<\/p>\n<\/div>","protected":false},"excerpt":{"rendered":"<p>[vc_row row_height_percent=\u00a0\u00bb50&Prime; override_padding=\u00a0\u00bbyes\u00a0\u00bb h_padding=\u00a0\u00bb2&Prime; top_padding=\u00a0\u00bb5&Prime; bottom_padding=\u00a0\u00bb5&Prime; back_color=\u00a0\u00bbaccent\u00a0\u00bb back_image=\u00a0\u00bb156082&Prime; multiple_media=\u00a0\u00bbyes\u00a0\u00bb back_repeat=\u00a0\u00bbno-repeat\u00a0\u00bb back_position=\u00a0\u00bbcenter center\u00a0\u00bb kburns=\u00a0\u00bbmagnetic\u00a0\u00bb overlay_color=\u00a0\u00bbaccent\u00a0\u00bb overlay_alpha=\u00a0\u00bb84&Prime; gutter_size=\u00a0\u00bb4&Prime; column_width_percent=\u00a0\u00bb100&Prime; shift_y=\u00a0\u00bb0&Prime; z_index=\u00a0\u00bb0&Prime; css_animation=\u00a0\u00bbscroll-trigger\u00a0\u00bb [&hellip;]<\/p>\n","protected":false},"author":7,"featured_media":0,"parent":0,"menu_order":0,"comment_status":"closed","ping_status":"closed","template":"","meta":{"_monsterinsights_skip_tracking":false,"_monsterinsights_sitenote_active":false,"_monsterinsights_sitenote_note":"","_monsterinsights_sitenote_category":0,"footnotes":""},"class_list":["post-156427","page","type-page","status-publish","hentry","page_category-shop-fr"],"_links":{"self":[{"href":"https:\/\/www.archeryshopaltana.it\/fr\/wp-json\/wp\/v2\/pages\/156427","targetHints":{"allow":["GET"]}}],"collection":[{"href":"https:\/\/www.archeryshopaltana.it\/fr\/wp-json\/wp\/v2\/pages"}],"about":[{"href":"https:\/\/www.archeryshopaltana.it\/fr\/wp-json\/wp\/v2\/types\/page"}],"author":[{"embeddable":true,"href":"https:\/\/www.archeryshopaltana.it\/fr\/wp-json\/wp\/v2\/users\/7"}],"replies":[{"embeddable":true,"href":"https:\/\/www.archeryshopaltana.it\/fr\/wp-json\/wp\/v2\/comments?post=156427"}],"version-history":[{"count":40,"href":"https:\/\/www.archeryshopaltana.it\/fr\/wp-json\/wp\/v2\/pages\/156427\/revisions"}],"predecessor-version":[{"id":157299,"href":"https:\/\/www.archeryshopaltana.it\/fr\/wp-json\/wp\/v2\/pages\/156427\/revisions\/157299"}],"wp:attachment":[{"href":"https:\/\/www.archeryshopaltana.it\/fr\/wp-json\/wp\/v2\/media?parent=156427"}],"curies":[{"name":"wp","href":"https:\/\/api.w.org\/{rel}","templated":true}]}}