{"id":157143,"date":"2025-11-04T16:28:19","date_gmt":"2025-11-04T16:28:19","guid":{"rendered":"https:\/\/www.archeryshopaltana.it\/prodotto\/ecusson-des-archers-dishi\/"},"modified":"2025-11-04T16:35:33","modified_gmt":"2025-11-04T16:35:33","slug":"ecusson-des-archers-dishi","status":"publish","type":"product","link":"https:\/\/www.archeryshopaltana.it\/fr\/produit\/ecusson-des-archers-dishi\/","title":{"rendered":"\u00c9cusson des archers d&rsquo;Ishi"},"content":{"rendered":"<div class=\"wpb-content-wrapper\"><p>[vc_row][vc_column width=\u00a0\u00bb1\/1&Prime;][vc_column_text uncode_shortcode_id=\u00a0\u00bb122919&Prime;]Voulez-vous nos patchs ?<br \/>R\u00e9servez-la et venez la chercher directement au centre de tir \u00e0 l&rsquo;arc.[\/vc_column_text][\/vc_column][\/vc_row]<\/p>\n<\/div>","protected":false},"excerpt":{"rendered":"<p>\u00c9cusson en tissu brod\u00e9 \u00e0 coudre sur vos v\u00eatements<\/p>\n","protected":false},"featured_media":156187,"template":"","meta":{"_monsterinsights_skip_tracking":false,"_monsterinsights_sitenote_active":false,"_monsterinsights_sitenote_note":"","_monsterinsights_sitenote_category":0},"product_brand":[581],"product_cat":[161],"product_tag":[611,612,234,249,255,403],"class_list":{"0":"post-157143","1":"product","2":"type-product","3":"status-publish","4":"has-post-thumbnail","6":"product_brand-centro-arcieristico-altana-del-motto-rosso","7":"product_cat-tir-a-larc","8":"product_tag-magliette","9":"product_tag-patch","10":"product_tag-vetements-dexterieur","11":"product_tag-gilets-fr","12":"product_tag-polo-fr","13":"product_tag-capellini-fr","15":"first","16":"instock","17":"sold-individually","18":"purchasable","19":"product-type-simple"},"_links":{"self":[{"href":"https:\/\/www.archeryshopaltana.it\/fr\/wp-json\/wp\/v2\/product\/157143","targetHints":{"allow":["GET"]}}],"collection":[{"href":"https:\/\/www.archeryshopaltana.it\/fr\/wp-json\/wp\/v2\/product"}],"about":[{"href":"https:\/\/www.archeryshopaltana.it\/fr\/wp-json\/wp\/v2\/types\/product"}],"wp:featuredmedia":[{"embeddable":true,"href":"https:\/\/www.archeryshopaltana.it\/fr\/wp-json\/wp\/v2\/media\/156187"}],"wp:attachment":[{"href":"https:\/\/www.archeryshopaltana.it\/fr\/wp-json\/wp\/v2\/media?parent=157143"}],"wp:term":[{"taxonomy":"product_brand","embeddable":true,"href":"https:\/\/www.archeryshopaltana.it\/fr\/wp-json\/wp\/v2\/product_brand?post=157143"},{"taxonomy":"product_cat","embeddable":true,"href":"https:\/\/www.archeryshopaltana.it\/fr\/wp-json\/wp\/v2\/product_cat?post=157143"},{"taxonomy":"product_tag","embeddable":true,"href":"https:\/\/www.archeryshopaltana.it\/fr\/wp-json\/wp\/v2\/product_tag?post=157143"}],"curies":[{"name":"wp","href":"https:\/\/api.w.org\/{rel}","templated":true}]}}